{"id":5404,"date":"2020-01-23T19:30:41","date_gmt":"2020-01-23T18:30:41","guid":{"rendered":"https:\/\/www.hinterstrasser.com\/wordpress\/?page_id=5404"},"modified":"2023-03-22T19:07:14","modified_gmt":"2023-03-22T18:07:14","slug":"test","status":"publish","type":"page","link":"https:\/\/www.hinterstrasser.com\/wordpress\/test\/","title":{"rendered":"Unser HOF"},"content":{"rendered":"\n<p class=\"has-text-align-left\">Ist ein Erbhof urkundlich nachvollziehbar bis 1648<\/p>\n\n\n\n<ul class=\"wp-block-list\">\n<li>1654&nbsp;&nbsp;&nbsp;&nbsp;&nbsp;&nbsp;&nbsp;&nbsp;Umbau des bis dahin vollkommen aus Holz gebauten Geb\u00e4udes<\/li>\n\n\n\n<li>1973&nbsp;&nbsp;&nbsp;&nbsp;&nbsp;&nbsp;&nbsp;&nbsp;Neubau des Stalles<\/li>\n\n\n\n<li>1981&nbsp;&nbsp;&nbsp;&nbsp;&nbsp;&nbsp;&nbsp;&nbsp;Errichtung unserer ersten Ferienwohnung<\/li>\n\n\n\n<li>1985&nbsp;&nbsp;&nbsp;&nbsp;&nbsp;&nbsp;&nbsp;&nbsp;Erneuerung des Dachstuhles<\/li>\n\n\n\n<li>1986&nbsp;&nbsp;&nbsp;&nbsp;&nbsp;&nbsp;&nbsp;&nbsp;Ausbau des Dachgescho\u00dfes in 2 Ferienwohnungen<\/li>\n\n\n\n<li>1992&nbsp;&nbsp;&nbsp;&nbsp;&nbsp;&nbsp;&nbsp;&nbsp;Neubau des Nebengeb\u00e4udes (Garagen, Lagerraum)<\/li>\n\n\n\n<li>2001&nbsp;&nbsp;&nbsp;&nbsp;&nbsp;&nbsp;&nbsp;&nbsp;Neubau eines Heizraumes mit Lagerhalle<\/li>\n\n\n\n<li>2011&nbsp;&nbsp;&nbsp;&nbsp;&nbsp;&nbsp;&nbsp;&nbsp;Ausbau des Nebengeb\u00e4udes zu einer Wohnung<\/li>\n\n\n\n<li>2017&nbsp;&nbsp;&nbsp;&nbsp;&nbsp;&nbsp;&nbsp;&nbsp;Renovierung und Neubau von 2 Zimmer<\/li>\n\n\n\n<li>2018&nbsp;&nbsp;&nbsp;&nbsp;&nbsp;&nbsp;&nbsp;&nbsp;Renovierung der 2 bestehenden Wohnungen<\/li>\n<\/ul>\n\n\n\n<p><\/p>\n\n\n\n<p class=\"has-text-align-left\"><strong>Unser Betrieb<br><\/strong><\/p>\n\n\n\n<p>Betriebsform:<strong>\u00a0\u00a0\u00a0\u00a0<\/strong><br>Silofreier Gr\u00fcnlandbetrieb mit Milchviehhaltung<br><br>Fl\u00e4che:\u00a0\u00a0\u00a0\u00a0\u00a0\u00a0\u00a0\u00a0\u00a0\u00a0\u00a0\u00a0\u00a0\u00a0\u00a0<br>Wir bewirtschaften 10ha Gr\u00fcnland und 4ha Wald<br><br>Tiere:\u00a0\u00a0\u00a0\u00a0\u00a0\u00a0\u00a0\u00a0\u00a0\u00a0\u00a0\u00a0\u00a0\u00a0\u00a0\u00a0\u00a0<br>Milchk\u00fche, Alpakas, Esel, Zwergziegen, H\u00fchner, Enten, G\u00e4nse, Katzen, Zwergkaninchen und Bienen.<br><br>Vermarktung:\u00a0\u00a0\u00a0\u00a0<br>Unsere Heumilch wird mit einem Tankwagen von der K\u00e4serei W\u00f6rle abgeholt und zu Heumilchk\u00e4se verarbeitet. Unser Obst wird als Marmelade, bei guter Ernte auch als Schnaps verarbeitet und kann am Hof verkostet werden. Durch unsere flei\u00dfigen Bienen bekommen wir im Sommer auch leckeren Bl\u00fcten- und Waldhonig, der direkt ab Hof verkauft wird.<\/p>\n\n\n\n<p><\/p>\n","protected":false},"excerpt":{"rendered":"<p>Ist ein Erbhof urkundlich nachvollziehbar bis 1648 Unser Betrieb Betriebsform:\u00a0\u00a0\u00a0\u00a0Silofreier Gr\u00fcnlandbetrieb mit Milchviehhaltung Fl\u00e4che:\u00a0\u00a0\u00a0\u00a0\u00a0\u00a0\u00a0\u00a0\u00a0\u00a0\u00a0\u00a0\u00a0\u00a0\u00a0Wir bewirtschaften 10ha Gr\u00fcnland und 4ha Wald Tiere:\u00a0\u00a0\u00a0\u00a0\u00a0\u00a0\u00a0\u00a0\u00a0\u00a0\u00a0\u00a0\u00a0\u00a0\u00a0\u00a0\u00a0Milchk\u00fche, Alpakas, Esel, Zwergziegen, H\u00fchner, Enten, G\u00e4nse, Katzen, Zwergkaninchen und Bienen. Vermarktung:\u00a0\u00a0\u00a0\u00a0Unsere Heumilch wird mit einem Tankwagen von der K\u00e4serei W\u00f6rle abgeholt und zu Heumilchk\u00e4se verarbeitet. Unser Obst wird als Marmelade, bei guter Ernte auch&hellip; <a href=\"https:\/\/www.hinterstrasser.com\/wordpress\/test\/\" class=\"more-link\">Weiterlesen <span class=\"screen-reader-text\">Unser HOF<\/span><\/a><\/p>\n","protected":false},"author":3,"featured_media":0,"parent":0,"menu_order":0,"comment_status":"closed","ping_status":"closed","template":"templates\/full-width-page.php","meta":{"footnotes":""},"class_list":["post-5404","page","type-page","status-publish","hentry","without-featured-image"],"_links":{"self":[{"href":"https:\/\/www.hinterstrasser.com\/wordpress\/wp-json\/wp\/v2\/pages\/5404","targetHints":{"allow":["GET"]}}],"collection":[{"href":"https:\/\/www.hinterstrasser.com\/wordpress\/wp-json\/wp\/v2\/pages"}],"about":[{"href":"https:\/\/www.hinterstrasser.com\/wordpress\/wp-json\/wp\/v2\/types\/page"}],"author":[{"embeddable":true,"href":"https:\/\/www.hinterstrasser.com\/wordpress\/wp-json\/wp\/v2\/users\/3"}],"replies":[{"embeddable":true,"href":"https:\/\/www.hinterstrasser.com\/wordpress\/wp-json\/wp\/v2\/comments?post=5404"}],"version-history":[{"count":14,"href":"https:\/\/www.hinterstrasser.com\/wordpress\/wp-json\/wp\/v2\/pages\/5404\/revisions"}],"predecessor-version":[{"id":5558,"href":"https:\/\/www.hinterstrasser.com\/wordpress\/wp-json\/wp\/v2\/pages\/5404\/revisions\/5558"}],"wp:attachment":[{"href":"https:\/\/www.hinterstrasser.com\/wordpress\/wp-json\/wp\/v2\/media?parent=5404"}],"curies":[{"name":"wp","href":"https:\/\/api.w.org\/{rel}","templated":true}]}}