{"id":5268,"date":"2020-01-20T07:39:24","date_gmt":"2020-01-20T06:39:24","guid":{"rendered":"https:\/\/www.hinterstrasser.com\/wordpress\/?page_id=5268"},"modified":"2024-12-06T15:40:17","modified_gmt":"2024-12-06T14:40:17","slug":"apfelbaum","status":"publish","type":"page","link":"https:\/\/www.hinterstrasser.com\/wordpress\/apfelbaum\/","title":{"rendered":"Apfelbaum"},"content":{"rendered":"\n<div class=\"alignnormal\"><div id=\"metaslider-id-231\" style=\"width: 100%;\" class=\"ml-slider-3-93-0 metaslider metaslider-nivo metaslider-231 ml-slider ms-theme-nivo-dark has-dots-nav\" role=\"region\" aria-roledescription=\"Slideshow\" aria-label=\"Apfelbaum\">\n    <div id=\"metaslider_container_231\">\n        <div class='slider-wrapper theme-default'><div class='ribbon'><\/div><div id='metaslider_231' class='nivoSlider'><img loading=\"lazy\" decoding=\"async\" src=\"https:\/\/www.hinterstrasser.com\/wordpress\/wp-content\/uploads\/2018\/05\/Putz_1800x1200_96dpi-67-900x667.jpg\" height=\"667\" width=\"900\" alt=\"\" class=\"slider-231 slide-546\" \/><img loading=\"lazy\" decoding=\"async\" src=\"https:\/\/www.hinterstrasser.com\/wordpress\/wp-content\/uploads\/2018\/05\/Putz_1800x1200_96dpi-66-900x667.jpg\" height=\"667\" width=\"900\" alt=\"\" class=\"slider-231 slide-545\" \/><\/div><\/div>\n        \n    <\/div>\n<\/div><\/div>\n\n\n<div class=\"txt-con\">\n<h2>Ausstattung<\/h2>\n<p>Doppelzimmer mit zus\u00e4tzlicher gem\u00fctlicher Schlafcouch, begehbaren Kleiderschrank und einem ger\u00e4umigen Badezimmer. Die beiden Zimmer Apfelbaum und Birnbaum verf\u00fcgen \u00fcber einen eigenen Eingangsbereich und k\u00f6nnen gemeinsam als Obstgarten gebucht werden.<\/p>\n<ul>\n<li style=\"list-style-type: none;\">\n<ul>\n<li>ca. 25 m<sup>2<\/sup><\/li>\n<li>ausziehbare Schlafcouch<\/li>\n<li>G\u00e4stek\u00fcche am Gang<\/li>\n<li>Dusche \/ WC<\/li>\n<li>Haarf\u00f6n<\/li>\n<\/ul>\n<\/li>\n<\/ul>\n<h2>Zusatzleistung<\/h2>\n<ul>\n<li>Bettw\u00e4sche und Handt\u00fccher sind in allen Wohnungen und im Zimmer vorhanden<\/li>\n<li>Kinder- \/ Gitterbett ist auf Reservierung verf\u00fcgbar<\/li>\n<li>Kinderfahrzeuge, Tischtennis, Tischfussball am Hof<\/li>\n<li>Gratis W-Lan am gesamten Hof<\/li>\n<li>Gro\u00dfer Kinderspielplatz mit Sandkasten<\/li>\n<li>Grillm\u00f6glichkeit auch bei Schlechtwetter<\/li>\n<li>Hofeigene Produkte wie Eier, Milch, Honig und Marmelade zum Fr\u00fchst\u00fcck<\/li>\n<li>Mithilfe am Hof ist gerne m\u00f6glich<\/li>\n<\/ul>\n<\/div>\n\n\n<div class=\"wp-block-buttons is-layout-flex wp-block-buttons-is-layout-flex\">\n<div class=\"wp-block-button\"><a class=\"wp-block-button__link wp-element-button\" href=\"https:\/\/ATUAB4-17-42-40.officialbookings.com\/room\/Nussbaum\" target=\"_blank\" rel=\"noreferrer noopener\">Jetzt Buchen<\/a><\/div>\n<\/div>\n\n\n\n<p><\/p>\n","protected":false},"excerpt":{"rendered":"<p>Ausstattung Doppelzimmer mit zus\u00e4tzlicher gem\u00fctlicher Schlafcouch, begehbaren Kleiderschrank und einem ger\u00e4umigen Badezimmer. Die beiden Zimmer Apfelbaum und Birnbaum verf\u00fcgen \u00fcber einen eigenen Eingangsbereich und k\u00f6nnen gemeinsam als Obstgarten gebucht werden. ca. 25 m2 ausziehbare Schlafcouch G\u00e4stek\u00fcche am Gang Dusche \/ WC Haarf\u00f6n Zusatzleistung Bettw\u00e4sche und Handt\u00fccher sind in allen Wohnungen und im Zimmer vorhanden Kinder-&hellip; <a href=\"https:\/\/www.hinterstrasser.com\/wordpress\/apfelbaum\/\" class=\"more-link\">Weiterlesen <span class=\"screen-reader-text\">Apfelbaum<\/span><\/a><\/p>\n","protected":false},"author":6,"featured_media":0,"parent":0,"menu_order":0,"comment_status":"closed","ping_status":"closed","template":"templates\/full-width-page.php","meta":{"footnotes":""},"class_list":["post-5268","page","type-page","status-publish","hentry","without-featured-image"],"_links":{"self":[{"href":"https:\/\/www.hinterstrasser.com\/wordpress\/wp-json\/wp\/v2\/pages\/5268","targetHints":{"allow":["GET"]}}],"collection":[{"href":"https:\/\/www.hinterstrasser.com\/wordpress\/wp-json\/wp\/v2\/pages"}],"about":[{"href":"https:\/\/www.hinterstrasser.com\/wordpress\/wp-json\/wp\/v2\/types\/page"}],"author":[{"embeddable":true,"href":"https:\/\/www.hinterstrasser.com\/wordpress\/wp-json\/wp\/v2\/users\/6"}],"replies":[{"embeddable":true,"href":"https:\/\/www.hinterstrasser.com\/wordpress\/wp-json\/wp\/v2\/comments?post=5268"}],"version-history":[{"count":21,"href":"https:\/\/www.hinterstrasser.com\/wordpress\/wp-json\/wp\/v2\/pages\/5268\/revisions"}],"predecessor-version":[{"id":5710,"href":"https:\/\/www.hinterstrasser.com\/wordpress\/wp-json\/wp\/v2\/pages\/5268\/revisions\/5710"}],"wp:attachment":[{"href":"https:\/\/www.hinterstrasser.com\/wordpress\/wp-json\/wp\/v2\/media?parent=5268"}],"curies":[{"name":"wp","href":"https:\/\/api.w.org\/{rel}","templated":true}]}}