{"id":5263,"date":"2020-01-20T07:36:41","date_gmt":"2020-01-20T06:36:41","guid":{"rendered":"https:\/\/www.hinterstrasser.com\/wordpress\/?page_id=5263"},"modified":"2024-12-06T15:47:56","modified_gmt":"2024-12-06T14:47:56","slug":"nussbaum","status":"publish","type":"page","link":"https:\/\/www.hinterstrasser.com\/wordpress\/nussbaum\/","title":{"rendered":"Nussbaum"},"content":{"rendered":"\n<div class=\"alignnormal\"><div id=\"metaslider-id-44\" style=\"width: 100%;\" class=\"ml-slider-3-93-0 metaslider metaslider-nivo metaslider-44 ml-slider ms-theme-nivo-dark has-dots-nav\" role=\"region\" aria-roledescription=\"Slideshow\" aria-label=\"Nussbaum\">\n    <div id=\"metaslider_container_44\">\n        <div class='slider-wrapper theme-default'><div class='ribbon'><\/div><div id='metaslider_44' class='nivoSlider'><img loading=\"lazy\" decoding=\"async\" src=\"https:\/\/www.hinterstrasser.com\/wordpress\/wp-content\/uploads\/2018\/05\/Putz_1800x1200_96dpi-4-900x667.jpg\" height=\"667\" width=\"900\" alt=\"\" class=\"slider-44 slide-541\" \/><img loading=\"lazy\" decoding=\"async\" src=\"https:\/\/www.hinterstrasser.com\/wordpress\/wp-content\/uploads\/2018\/05\/Putz_1800x1200_96dpi-6-900x667.jpg\" height=\"667\" width=\"900\" alt=\"\" class=\"slider-44 slide-542\" \/><\/div><\/div>\n        \n    <\/div>\n<\/div><\/div>\n\n\n<div class=\"txt-con\">\n<h2>Ausstattung:<\/h2>\n<p>Doppelzimmer mit zus\u00e4tzlicher Couch<\/p>\n<ul>\n<li style=\"list-style-type: none;\">\n<ul>\n<li>ca. 25 m<sup>2<\/sup><\/li>\n<li>ausziehbare Schlafcouch<\/li>\n<li>Dusche \/ WC<\/li>\n<li>Haarf\u00f6n<\/li>\n<\/ul>\n<\/li>\n<\/ul>\n<h2>Zusatzleistung<\/h2>\n<ul>\n<li>Bettw\u00e4sche und Handt\u00fccher sind in allen Wohnungen und im Zimmer vorhanden<\/li>\n<li>Kinder- \/ Gitterbett ist auf Reservierung verf\u00fcgbar<\/li>\n<li>Kinderfahrzeuge, Tischtennis, Tischfussball am Hof<\/li>\n<li>Gratis W-Lan am gesamten Hof<\/li>\n<li>Gro\u00dfer Kinderspielplatz mit Sandkasten<\/li>\n<li>Grillm\u00f6glichkeit auch bei Schlechtwetter<\/li>\n<li>Hofeigene Produkte wie Eier, Milch, Honig und Marmelade zum Fr\u00fchst\u00fcck<\/li>\n<li>Mithilfe am Hof ist gerne m\u00f6glich<\/li>\n<\/ul>\n<h6>\u00a0<\/h6>\n<\/div>\n\n\n<div class=\"wp-block-buttons is-layout-flex wp-block-buttons-is-layout-flex\">\n<div class=\"wp-block-button\"><a class=\"wp-block-button__link wp-element-button\" href=\"https:\/\/ATUAB4-17-42-40.officialbookings.com\/room\/1114579\" target=\"_blank\" rel=\"noreferrer noopener\">Jetzt Buchen<\/a><\/div>\n<\/div>\n","protected":false},"excerpt":{"rendered":"<p>Ausstattung: Doppelzimmer mit zus\u00e4tzlicher Couch ca. 25 m2 ausziehbare Schlafcouch Dusche \/ WC Haarf\u00f6n Zusatzleistung Bettw\u00e4sche und Handt\u00fccher sind in allen Wohnungen und im Zimmer vorhanden Kinder- \/ Gitterbett ist auf Reservierung verf\u00fcgbar Kinderfahrzeuge, Tischtennis, Tischfussball am Hof Gratis W-Lan am gesamten Hof Gro\u00dfer Kinderspielplatz mit Sandkasten Grillm\u00f6glichkeit auch bei Schlechtwetter Hofeigene Produkte wie Eier,&hellip; <a href=\"https:\/\/www.hinterstrasser.com\/wordpress\/nussbaum\/\" class=\"more-link\">Weiterlesen <span class=\"screen-reader-text\">Nussbaum<\/span><\/a><\/p>\n","protected":false},"author":6,"featured_media":0,"parent":0,"menu_order":0,"comment_status":"closed","ping_status":"closed","template":"templates\/full-width-page.php","meta":{"footnotes":""},"class_list":["post-5263","page","type-page","status-publish","hentry","without-featured-image"],"_links":{"self":[{"href":"https:\/\/www.hinterstrasser.com\/wordpress\/wp-json\/wp\/v2\/pages\/5263","targetHints":{"allow":["GET"]}}],"collection":[{"href":"https:\/\/www.hinterstrasser.com\/wordpress\/wp-json\/wp\/v2\/pages"}],"about":[{"href":"https:\/\/www.hinterstrasser.com\/wordpress\/wp-json\/wp\/v2\/types\/page"}],"author":[{"embeddable":true,"href":"https:\/\/www.hinterstrasser.com\/wordpress\/wp-json\/wp\/v2\/users\/6"}],"replies":[{"embeddable":true,"href":"https:\/\/www.hinterstrasser.com\/wordpress\/wp-json\/wp\/v2\/comments?post=5263"}],"version-history":[{"count":13,"href":"https:\/\/www.hinterstrasser.com\/wordpress\/wp-json\/wp\/v2\/pages\/5263\/revisions"}],"predecessor-version":[{"id":5713,"href":"https:\/\/www.hinterstrasser.com\/wordpress\/wp-json\/wp\/v2\/pages\/5263\/revisions\/5713"}],"wp:attachment":[{"href":"https:\/\/www.hinterstrasser.com\/wordpress\/wp-json\/wp\/v2\/media?parent=5263"}],"curies":[{"name":"wp","href":"https:\/\/api.w.org\/{rel}","templated":true}]}}