{"id":5250,"date":"2020-01-20T07:34:14","date_gmt":"2020-01-20T06:34:14","guid":{"rendered":"https:\/\/www.hinterstrasser.com\/wordpress\/?page_id=5250"},"modified":"2024-12-06T15:46:11","modified_gmt":"2024-12-06T14:46:11","slug":"drachenwand","status":"publish","type":"page","link":"https:\/\/www.hinterstrasser.com\/wordpress\/drachenwand\/","title":{"rendered":"Drachenwand"},"content":{"rendered":"\n<div class=\"alignnormal\"><div id=\"metaslider-id-33\" style=\"width: 100%;\" class=\"ml-slider-3-93-0 metaslider metaslider-nivo metaslider-33 ml-slider ms-theme-nivo-dark has-dots-nav\" role=\"region\" aria-roledescription=\"Slideshow\" aria-label=\"Drachenwand\">\n    <div id=\"metaslider_container_33\">\n        <div class='slider-wrapper theme-default'><div class='ribbon'><\/div><div id='metaslider_33' class='nivoSlider'><img loading=\"lazy\" decoding=\"async\" src=\"https:\/\/www.hinterstrasser.com\/wordpress\/wp-content\/uploads\/2018\/05\/Putz_1800x1200_96dpi-10-900x667.jpg\" height=\"667\" width=\"900\" alt=\"\" class=\"slider-33 slide-528\" \/><img loading=\"lazy\" decoding=\"async\" src=\"https:\/\/www.hinterstrasser.com\/wordpress\/wp-content\/uploads\/2018\/05\/Putz_1800x1200_96dpi-7-900x667.jpg\" height=\"667\" width=\"900\" alt=\"\" class=\"slider-33 slide-527\" \/><img loading=\"lazy\" decoding=\"async\" src=\"https:\/\/www.hinterstrasser.com\/wordpress\/wp-content\/uploads\/2018\/05\/Putz_1800x1200_96dpi-15-900x667.jpg\" height=\"667\" width=\"900\" alt=\"\" class=\"slider-33 slide-561\" \/><img loading=\"lazy\" decoding=\"async\" src=\"https:\/\/www.hinterstrasser.com\/wordpress\/wp-content\/uploads\/2018\/05\/Putz_1800x1200_96dpi-12-900x667.jpg\" height=\"667\" width=\"900\" alt=\"\" class=\"slider-33 slide-529\" \/><\/div><\/div>\n        \n    <\/div>\n<\/div><\/div>\n\n\n<div class=\"txt-con\">\n<h2>Ausstattung:<\/h2>\n<p>Ferienwohnung im 2.OG des Hauses mit traumhaftem Blick auf den Mondsee und auf die umliegenden Berge. Die Ferienwohnung verf\u00fcgt \u00fcber 2 Schlafzimmer, eine Wohnk\u00fcche, einem Vorraum und ein Badezimmer.<\/p>\n<ul>\n<li style=\"list-style-type: none;\">\n<ul>\n<li>ca 55m<sup>2<\/sup><\/li>\n<li>vollausgestattete K\u00fcche<\/li>\n<li>Geschirrsp\u00fcler, Herd<\/li>\n<li>Dusche\/WC<\/li>\n<li>Balkon<\/li>\n<li>2 Schlafzimmer<\/li>\n<li>Haarf\u00f6n<\/li>\n<\/ul>\n<\/li>\n<\/ul>\n<h2>Zusatzleistung<\/h2>\n<ul>\n<li>Bettw\u00e4sche und Handt\u00fccher sind in allen Wohnungen und im Zimmer vorhanden<\/li>\n<li>Kinder- \/ Gitterbett ist auf Reservierung verf\u00fcgbar<\/li>\n<li>Kinderfahrzeuge, Tischtennis, Tischfussball am Hof<\/li>\n<li>Gratis W-Lan am gesamten Hof<\/li>\n<li>Gro\u00dfer Kinderspielplatz mit Sandkasten<\/li>\n<li>Grillm\u00f6glichkeit auch bei Schlechtwetter<\/li>\n<li>Hofeigene Produkte wie Eier, Milch, Honig und Marmelade zum Fr\u00fchst\u00fcck<\/li>\n<li>Br\u00f6tchenservice<\/li>\n<li>Mithilfe am Hof ist gerne m\u00f6glich<\/li>\n<\/ul>\n<h6>\u00a0<\/h6>\n<\/div>\n\n\n<div class=\"wp-block-buttons is-layout-flex wp-block-buttons-is-layout-flex\">\n<div class=\"wp-block-button\"><a class=\"wp-block-button__link wp-element-button\" href=\"https:\/\/ATUAB4-17-42-40.officialbookings.com\/room\/ROOM_3\" target=\"_blank\" rel=\"noreferrer noopener\">Jetzt Buchen<\/a><\/div>\n<\/div>\n","protected":false},"excerpt":{"rendered":"<p>Ausstattung: Ferienwohnung im 2.OG des Hauses mit traumhaftem Blick auf den Mondsee und auf die umliegenden Berge. Die Ferienwohnung verf\u00fcgt \u00fcber 2 Schlafzimmer, eine Wohnk\u00fcche, einem Vorraum und ein Badezimmer. ca 55m2 vollausgestattete K\u00fcche Geschirrsp\u00fcler, Herd Dusche\/WC Balkon 2 Schlafzimmer Haarf\u00f6n Zusatzleistung Bettw\u00e4sche und Handt\u00fccher sind in allen Wohnungen und im Zimmer vorhanden Kinder- \/&hellip; <a href=\"https:\/\/www.hinterstrasser.com\/wordpress\/drachenwand\/\" class=\"more-link\">Weiterlesen <span class=\"screen-reader-text\">Drachenwand<\/span><\/a><\/p>\n","protected":false},"author":6,"featured_media":0,"parent":0,"menu_order":0,"comment_status":"closed","ping_status":"closed","template":"templates\/full-width-page.php","meta":{"footnotes":""},"class_list":["post-5250","page","type-page","status-publish","hentry","without-featured-image"],"_links":{"self":[{"href":"https:\/\/www.hinterstrasser.com\/wordpress\/wp-json\/wp\/v2\/pages\/5250","targetHints":{"allow":["GET"]}}],"collection":[{"href":"https:\/\/www.hinterstrasser.com\/wordpress\/wp-json\/wp\/v2\/pages"}],"about":[{"href":"https:\/\/www.hinterstrasser.com\/wordpress\/wp-json\/wp\/v2\/types\/page"}],"author":[{"embeddable":true,"href":"https:\/\/www.hinterstrasser.com\/wordpress\/wp-json\/wp\/v2\/users\/6"}],"replies":[{"embeddable":true,"href":"https:\/\/www.hinterstrasser.com\/wordpress\/wp-json\/wp\/v2\/comments?post=5250"}],"version-history":[{"count":18,"href":"https:\/\/www.hinterstrasser.com\/wordpress\/wp-json\/wp\/v2\/pages\/5250\/revisions"}],"predecessor-version":[{"id":5712,"href":"https:\/\/www.hinterstrasser.com\/wordpress\/wp-json\/wp\/v2\/pages\/5250\/revisions\/5712"}],"wp:attachment":[{"href":"https:\/\/www.hinterstrasser.com\/wordpress\/wp-json\/wp\/v2\/media?parent=5250"}],"curies":[{"name":"wp","href":"https:\/\/api.w.org\/{rel}","templated":true}]}}