{"id":5190,"date":"2019-11-13T14:04:32","date_gmt":"2019-11-13T13:04:32","guid":{"rendered":"https:\/\/www.hinterstrasser.com\/wordpress\/?page_id=5190"},"modified":"2025-04-05T12:54:52","modified_gmt":"2025-04-05T10:54:52","slug":"willkommen-am-ferienhof-hinterstrasser","status":"publish","type":"page","link":"https:\/\/www.hinterstrasser.com\/wordpress\/","title":{"rendered":"Willkommen am Ferienhof Hinterstrasser"},"content":{"rendered":"<p style=\"text-align: left;\">Auf unserem Bauernhof werden Sie die gem\u00fctliche, famili\u00e4re Atmosph\u00e4re und die komfortablen Ferienwohnungen genie\u00dfen.<\/p>\n<p><img loading=\"lazy\" decoding=\"async\" class=\"wp-image-12  aligncenter\" src=\"https:\/\/www.hinterstrasser.com\/wordpress\/wp-content\/uploads\/2016\/09\/bg5-300x200.jpg\" alt=\"\" width=\"586\" height=\"390\" srcset=\"https:\/\/www.hinterstrasser.com\/wordpress\/wp-content\/uploads\/2016\/09\/bg5-300x200.jpg 300w, https:\/\/www.hinterstrasser.com\/wordpress\/wp-content\/uploads\/2016\/09\/bg5-768x512.jpg 768w, https:\/\/www.hinterstrasser.com\/wordpress\/wp-content\/uploads\/2016\/09\/bg5-1024x683.jpg 1024w, https:\/\/www.hinterstrasser.com\/wordpress\/wp-content\/uploads\/2016\/09\/bg5-750x500.jpg 750w, https:\/\/www.hinterstrasser.com\/wordpress\/wp-content\/uploads\/2016\/09\/bg5.jpg 1920w\" sizes=\"auto, (max-width: 586px) 100vw, 586px\" \/><\/p>\n<p style=\"text-align: left;\"><strong>Lage:<\/strong><br \/>Unser Bauernhof liegt in sonniger, ruhiger Lage auf 520 m Seeh\u00f6he mit herrlichem Rundblick auf die Berge des Salzkammerguts. Ideale Bedingungen f\u00fcr Wanderer, Radfahrer, Golfspieler (Golfplatz in 500m Entfernung) und Erholungsuchende.<\/p>\n<p>Das Ortszentrum Mondsee befindet sich 2km, die n\u00e4chste Einkaufsm\u00f6glichkeit 1km und eine Bushaltestelle 500m entfernt von unseren Hof.<\/p>\n<p>Auch finden Sie in 1,5km Entfernung einen \u00d6ffentlichen Badeplatz.<\/p>\n<p style=\"text-align: left;\"><strong>Hoftypische Besonderheiten:<\/strong><br \/>Sch\u00f6ner gro\u00dfer Spielplatz, Kinderfahrzeuge f\u00fcr jedes Alter und Tiere aller Art (auch Alpakas und Esel) sowie Grillm\u00f6glichkeit und hofeigene Produkte finden Sie bei uns.<\/p>\n<p>Als G\u00e4ste k\u00f6nnen Sie Ihr E-Auto an unserer neuen Ladestation kostenpflichtig laden.<\/p>\n<p style=\"text-align: left;\">Wir freuen uns auf Ihr Kommen, Tanja &amp; Markus Putz<\/p>\n<p style=\"text-align: center;\">+43 677 18082217<\/p>\n<p style=\"text-align: center;\"><a href=\"mailto:info@hinterstrasser.com\">Email<\/a><\/p>\n\n\n<p><\/p>\n","protected":false},"excerpt":{"rendered":"<p>Auf unserem Bauernhof werden Sie die gem\u00fctliche, famili\u00e4re Atmosph\u00e4re und die komfortablen Ferienwohnungen genie\u00dfen. Lage:Unser Bauernhof liegt in sonniger, ruhiger Lage auf 520 m Seeh\u00f6he mit herrlichem Rundblick auf die Berge des Salzkammerguts. Ideale Bedingungen f\u00fcr Wanderer, Radfahrer, Golfspieler (Golfplatz in 500m Entfernung) und Erholungsuchende. Das Ortszentrum Mondsee befindet sich 2km, die n\u00e4chste Einkaufsm\u00f6glichkeit 1km&hellip; <a href=\"https:\/\/www.hinterstrasser.com\/wordpress\/\" class=\"more-link\">Weiterlesen <span class=\"screen-reader-text\">Willkommen am Ferienhof Hinterstrasser<\/span><\/a><\/p>\n","protected":false},"author":6,"featured_media":0,"parent":0,"menu_order":0,"comment_status":"closed","ping_status":"closed","template":"","meta":{"footnotes":""},"class_list":["post-5190","page","type-page","status-publish","hentry","without-featured-image"],"_links":{"self":[{"href":"https:\/\/www.hinterstrasser.com\/wordpress\/wp-json\/wp\/v2\/pages\/5190","targetHints":{"allow":["GET"]}}],"collection":[{"href":"https:\/\/www.hinterstrasser.com\/wordpress\/wp-json\/wp\/v2\/pages"}],"about":[{"href":"https:\/\/www.hinterstrasser.com\/wordpress\/wp-json\/wp\/v2\/types\/page"}],"author":[{"embeddable":true,"href":"https:\/\/www.hinterstrasser.com\/wordpress\/wp-json\/wp\/v2\/users\/6"}],"replies":[{"embeddable":true,"href":"https:\/\/www.hinterstrasser.com\/wordpress\/wp-json\/wp\/v2\/comments?post=5190"}],"version-history":[{"count":44,"href":"https:\/\/www.hinterstrasser.com\/wordpress\/wp-json\/wp\/v2\/pages\/5190\/revisions"}],"predecessor-version":[{"id":5731,"href":"https:\/\/www.hinterstrasser.com\/wordpress\/wp-json\/wp\/v2\/pages\/5190\/revisions\/5731"}],"wp:attachment":[{"href":"https:\/\/www.hinterstrasser.com\/wordpress\/wp-json\/wp\/v2\/media?parent=5190"}],"curies":[{"name":"wp","href":"https:\/\/api.w.org\/{rel}","templated":true}]}}