{"id":5175,"date":"2019-11-13T13:33:00","date_gmt":"2019-11-13T12:33:00","guid":{"rendered":"https:\/\/www.hinterstrasser.com\/wordpress\/?page_id=5175"},"modified":"2024-12-06T15:49:26","modified_gmt":"2024-12-06T14:49:26","slug":"schafberg","status":"publish","type":"page","link":"https:\/\/www.hinterstrasser.com\/wordpress\/schafberg\/","title":{"rendered":"Schafberg"},"content":{"rendered":"\n<div class=\"alignnormal\"><div id=\"metaslider-id-517\" style=\"width: 100%;\" class=\"ml-slider-3-93-0 metaslider metaslider-nivo metaslider-517 ml-slider ms-theme-nivo-dark has-dots-nav\" role=\"region\" aria-roledescription=\"Slideshow\" aria-label=\"Schafberg\">\n    <div id=\"metaslider_container_517\">\n        <div class='slider-wrapper theme-default'><div class='ribbon'><\/div><div id='metaslider_517' class='nivoSlider'><img loading=\"lazy\" decoding=\"async\" src=\"https:\/\/www.hinterstrasser.com\/wordpress\/wp-content\/uploads\/2018\/05\/Putz_1800x1200_96dpi-18-910x677.jpg\" height=\"677\" width=\"910\" alt=\"\" class=\"slider-517 slide-518\" \/><img loading=\"lazy\" decoding=\"async\" src=\"https:\/\/www.hinterstrasser.com\/wordpress\/wp-content\/uploads\/2018\/05\/Putz_1800x1200_96dpi-22-910x677.jpg\" height=\"677\" width=\"910\" alt=\"\" class=\"slider-517 slide-519\" \/><img loading=\"lazy\" decoding=\"async\" src=\"https:\/\/www.hinterstrasser.com\/wordpress\/wp-content\/uploads\/2018\/05\/Putz_1800x1200_96dpi-26-910x677.jpg\" height=\"677\" width=\"910\" alt=\"\" class=\"slider-517 slide-562\" \/><img loading=\"lazy\" decoding=\"async\" src=\"https:\/\/www.hinterstrasser.com\/wordpress\/wp-content\/uploads\/2018\/05\/Putz_1800x1200_96dpi-23-910x677.jpg\" height=\"677\" width=\"910\" alt=\"\" class=\"slider-517 slide-521\" \/><\/div><\/div>\n        \n    <\/div>\n<\/div><\/div>\n\n\n<div class=\"txt-con\">\n<h2>Ausstattung:<\/h2>\n<p>Ferienwohnung im 2.OG des Hauses mit traumhaften Blick auf den Mondsee und auf die umliegenden Berge. Die Ferienwohnung verf\u00fcgt \u00fcber 2 Schlafzimmer, Wohnk\u00fcche, einen Vorraum und ein Badezimmer.<\/p>\n<ul>\n<li style=\"list-style-type: none;\">\n<ul>\n<li>ca 55m<sup>2<\/sup><\/li>\n<li>vollausgestattete K\u00fcche<\/li>\n<li>Geschirrsp\u00fcler, Herd<\/li>\n<li>Dusche\/WC<\/li>\n<li>Balkon<\/li>\n<li>2 Schlafzimmer<\/li>\n<li>hochwertiges Schlafsofa<\/li>\n<li>Haarf\u00f6n<\/li>\n<\/ul>\n<\/li>\n<\/ul>\n<h2>Zusatzleistung<\/h2>\n<ul>\n<li>Bettw\u00e4sche und Handt\u00fccher sind in allen Wohnungen und im Zimmer vorhanden<\/li>\n<li>Kinder- \/ Gitterbett ist auf Reservierung verf\u00fcgbar<\/li>\n<li>Kinderfahrzeuge, Tischtennis, Tischfussball am Hof<\/li>\n<li>Gratis W-Lan am gesamten Hof<\/li>\n<li>Gro\u00dfer Kinderspielplatz mit Sandkasten<\/li>\n<li>Grillm\u00f6glichkeit auch bei Schlechtwetter<\/li>\n<li>Hofeigene Produkte wie Eier, Milch, Honig und Marmelade zum Fr\u00fchst\u00fcck<\/li>\n<li>Br\u00f6tchenservice<\/li>\n<li>Mithilfe am Hof ist gerne m\u00f6glich<\/li>\n<\/ul>\n<h6>\u00a0<\/h6>\n<\/div>\n\n\n<div class=\"wp-block-buttons is-layout-flex wp-block-buttons-is-layout-flex\">\n<div class=\"wp-block-button\"><a class=\"wp-block-button__link wp-element-button\" href=\"https:\/\/ATUAB4-17-42-40.officialbookings.com\/room\/198646P\" target=\"_blank\" rel=\"noreferrer noopener\">Jetzt Buchen<\/a><\/div>\n<\/div>\n","protected":false},"excerpt":{"rendered":"<p>Ausstattung: Ferienwohnung im 2.OG des Hauses mit traumhaften Blick auf den Mondsee und auf die umliegenden Berge. Die Ferienwohnung verf\u00fcgt \u00fcber 2 Schlafzimmer, Wohnk\u00fcche, einen Vorraum und ein Badezimmer. ca 55m2 vollausgestattete K\u00fcche Geschirrsp\u00fcler, Herd Dusche\/WC Balkon 2 Schlafzimmer hochwertiges Schlafsofa Haarf\u00f6n Zusatzleistung Bettw\u00e4sche und Handt\u00fccher sind in allen Wohnungen und im Zimmer vorhanden Kinder-&hellip; <a href=\"https:\/\/www.hinterstrasser.com\/wordpress\/schafberg\/\" class=\"more-link\">Weiterlesen <span class=\"screen-reader-text\">Schafberg<\/span><\/a><\/p>\n","protected":false},"author":6,"featured_media":0,"parent":0,"menu_order":0,"comment_status":"closed","ping_status":"closed","template":"templates\/full-width-page.php","meta":{"footnotes":""},"class_list":["post-5175","page","type-page","status-publish","hentry","without-featured-image"],"_links":{"self":[{"href":"https:\/\/www.hinterstrasser.com\/wordpress\/wp-json\/wp\/v2\/pages\/5175","targetHints":{"allow":["GET"]}}],"collection":[{"href":"https:\/\/www.hinterstrasser.com\/wordpress\/wp-json\/wp\/v2\/pages"}],"about":[{"href":"https:\/\/www.hinterstrasser.com\/wordpress\/wp-json\/wp\/v2\/types\/page"}],"author":[{"embeddable":true,"href":"https:\/\/www.hinterstrasser.com\/wordpress\/wp-json\/wp\/v2\/users\/6"}],"replies":[{"embeddable":true,"href":"https:\/\/www.hinterstrasser.com\/wordpress\/wp-json\/wp\/v2\/comments?post=5175"}],"version-history":[{"count":19,"href":"https:\/\/www.hinterstrasser.com\/wordpress\/wp-json\/wp\/v2\/pages\/5175\/revisions"}],"predecessor-version":[{"id":5714,"href":"https:\/\/www.hinterstrasser.com\/wordpress\/wp-json\/wp\/v2\/pages\/5175\/revisions\/5714"}],"wp:attachment":[{"href":"https:\/\/www.hinterstrasser.com\/wordpress\/wp-json\/wp\/v2\/media?parent=5175"}],"curies":[{"name":"wp","href":"https:\/\/api.w.org\/{rel}","templated":true}]}}